{"id":28,"date":"2012-01-22T17:17:33","date_gmt":"2012-01-22T16:17:33","guid":{"rendered":"http:\/\/www.kgmueschenbach.de\/wordpress\/?page_id=28"},"modified":"2022-01-13T12:09:10","modified_gmt":"2022-01-13T11:09:10","slug":"verein","status":"publish","type":"page","link":"http:\/\/www.kgmueschenbach.de\/?page_id=28","title":{"rendered":"Die Kirmesgesellschaft"},"content":{"rendered":"<p><strong>Seit 1896 wird in M\u00fcschenbach das Kirchweihfest (kurz Kirmes) gefeiert. Im Jahre 1993 fanden sich 51 Leute zusammen um einen Neubeginn der Kirmestradition zu begr\u00fcnden. Mittlerweile z\u00e4hlt der Verein 187 Mitglieder und engagiert sich nicht nur an der Kirmes, sondern auch tatkr\u00e4ftig im Ortsleben von M\u00fcschenbach.<\/strong><\/p>\n<p><a href=\"http:\/\/www.kgmueschenbach.de\/wordpress\/wp-content\/uploads\/2022\/01\/IMG-20190315-WA0003.jpg\"><img loading=\"lazy\" decoding=\"async\" class=\"aligncenter size-full wp-image-608\" src=\"http:\/\/www.kgmueschenbach.de\/wordpress\/wp-content\/uploads\/2022\/01\/IMG-20190315-WA0003.jpg\" alt=\"\" width=\"1280\" height=\"960\" srcset=\"http:\/\/www.kgmueschenbach.de\/wordpress\/wp-content\/uploads\/2022\/01\/IMG-20190315-WA0003.jpg 1280w, http:\/\/www.kgmueschenbach.de\/wordpress\/wp-content\/uploads\/2022\/01\/IMG-20190315-WA0003-300x225.jpg 300w, http:\/\/www.kgmueschenbach.de\/wordpress\/wp-content\/uploads\/2022\/01\/IMG-20190315-WA0003-1024x768.jpg 1024w, http:\/\/www.kgmueschenbach.de\/wordpress\/wp-content\/uploads\/2022\/01\/IMG-20190315-WA0003-768x576.jpg 768w, http:\/\/www.kgmueschenbach.de\/wordpress\/wp-content\/uploads\/2022\/01\/IMG-20190315-WA0003-400x300.jpg 400w\" sizes=\"auto, (max-width: 1280px) 100vw, 1280px\" \/><\/a>25 Jahre KG-M\u00fcschenbach im Jahr 2018<\/p>\n<p><img loading=\"lazy\" decoding=\"async\" class=\"thumbnail\" style=\"max-width: 100%;\" src=\"http:\/\/www.kgmueschenbach.de\/wordpress\/wp-content\/uploads\/2012\/01\/DSC02074-1024x507.jpg\" alt=\"\" width=\"598\" height=\"347\" \/>Die KG-M\u00fcschenbach 2013<\/p>\n<p><a href=\"http:\/\/www.kgmueschenbach.de\/wordpress\/wp-content\/uploads\/2012\/01\/gesellschaft.jpg\"><img loading=\"lazy\" decoding=\"async\" class=\"alignnone size-full wp-image-29\" title=\"Gruppenbild\" src=\"http:\/\/www.kgmueschenbach.de\/wordpress\/wp-content\/uploads\/2012\/01\/gesellschaft.jpg\" alt=\"\" width=\"878\" height=\"592\" srcset=\"http:\/\/www.kgmueschenbach.de\/wordpress\/wp-content\/uploads\/2012\/01\/gesellschaft.jpg 878w, http:\/\/www.kgmueschenbach.de\/wordpress\/wp-content\/uploads\/2012\/01\/gesellschaft-300x202.jpg 300w, http:\/\/www.kgmueschenbach.de\/wordpress\/wp-content\/uploads\/2012\/01\/gesellschaft-444x300.jpg 444w\" sizes=\"auto, (max-width: 878px) 100vw, 878px\" \/><\/a><\/p>\n","protected":false},"excerpt":{"rendered":"<p>Seit 1896 wird in M\u00fcschenbach das Kirchweihfest (kurz Kirmes) gefeiert. Im Jahre 1993 fanden sich 51 Leute zusammen um einen Neubeginn der Kirmestradition zu begr\u00fcnden. Mittlerweile z\u00e4hlt der Verein 187 Mitglieder und engagiert sich nicht nur an der Kirmes, sondern &hellip; <a href=\"http:\/\/www.kgmueschenbach.de\/?page_id=28\">Weiterlesen <span class=\"meta-nav\">&rarr;<\/span><\/a><\/p>\n","protected":false},"author":1,"featured_media":0,"parent":0,"menu_order":0,"comment_status":"closed","ping_status":"open","template":"","meta":{"_monsterinsights_skip_tracking":false,"_monsterinsights_sitenote_active":false,"_monsterinsights_sitenote_note":"","_monsterinsights_sitenote_category":0,"footnotes":""},"class_list":["post-28","page","type-page","status-publish","hentry"],"_links":{"self":[{"href":"http:\/\/www.kgmueschenbach.de\/index.php?rest_route=\/wp\/v2\/pages\/28","targetHints":{"allow":["GET"]}}],"collection":[{"href":"http:\/\/www.kgmueschenbach.de\/index.php?rest_route=\/wp\/v2\/pages"}],"about":[{"href":"http:\/\/www.kgmueschenbach.de\/index.php?rest_route=\/wp\/v2\/types\/page"}],"author":[{"embeddable":true,"href":"http:\/\/www.kgmueschenbach.de\/index.php?rest_route=\/wp\/v2\/users\/1"}],"replies":[{"embeddable":true,"href":"http:\/\/www.kgmueschenbach.de\/index.php?rest_route=%2Fwp%2Fv2%2Fcomments&post=28"}],"version-history":[{"count":7,"href":"http:\/\/www.kgmueschenbach.de\/index.php?rest_route=\/wp\/v2\/pages\/28\/revisions"}],"predecessor-version":[{"id":609,"href":"http:\/\/www.kgmueschenbach.de\/index.php?rest_route=\/wp\/v2\/pages\/28\/revisions\/609"}],"wp:attachment":[{"href":"http:\/\/www.kgmueschenbach.de\/index.php?rest_route=%2Fwp%2Fv2%2Fmedia&parent=28"}],"curies":[{"name":"wp","href":"https:\/\/api.w.org\/{rel}","templated":true}]}}