{"id":66,"date":"2012-01-22T20:49:56","date_gmt":"2012-01-22T19:49:56","guid":{"rendered":"http:\/\/www.kgmueschenbach.de\/wordpress\/?page_id=66"},"modified":"2016-04-05T22:10:56","modified_gmt":"2016-04-05T20:10:56","slug":"download","status":"publish","type":"page","link":"http:\/\/www.kgmueschenbach.de\/?page_id=66","title":{"rendered":"Mitgliedsantrag"},"content":{"rendered":"<p style=\"text-align: center;\">Der Mitgliedsantrag liegt in einer ausf\u00fcllbaren\u00a0<strong>PDF<\/strong>\u00a0Datei hier vor.<\/p>\n<p style=\"text-align: center;\"><strong>\u00a0 \u00a0 \u00a0 \u00a0 \u00a0 \u00a0 Mitgliedsantrag:\u00a0<a title=\"Download\" href=\"http:\/\/www.kgmueschenbach.de\/wordpress\/wp-content\/uploads\/2016\/04\/Mitgliedsantrag.pdf\">Mitgliedsantrag<\/a><\/strong>\u00a0<a title=\"DOWNLOAD\" href=\"http:\/\/www.kgmueschenbach.de\/wordpress\/wp-content\/uploads\/2012\/01\/Mitgliedsantrag.pdf\"><br \/>\n<\/a><\/p>\n<p style=\"text-align: center;\"><strong>Vereinssatzung:\u00a0<a href=\"http:\/\/www.kgmueschenbach.de\/wordpress\/wp-content\/uploads\/2016\/04\/Satzung.pdf\">Satzung<\/a><\/strong><a href=\"http:\/\/www.kgmueschenbach.de\/wordpress\/wp-content\/uploads\/2012\/01\/Satzung.pdf\"><br \/>\n<\/a><\/p>\n<p style=\"text-align: center;\" align=\"center\">Den ausgef\u00fcllten und unterschriebenen Mitgliedsantrag abgeben bei:<\/p>\n<p style=\"text-align: center;\" align=\"center\">Jonas Hassenpflug<br \/>\nSchulstra\u00dfe 12<br \/>\n57629 M\u00fcschenbach<\/p>\n","protected":false},"excerpt":{"rendered":"<p>Der Mitgliedsantrag liegt in einer ausf\u00fcllbaren\u00a0PDF\u00a0Datei hier vor. \u00a0 \u00a0 \u00a0 \u00a0 \u00a0 \u00a0 Mitgliedsantrag:\u00a0Mitgliedsantrag\u00a0 Vereinssatzung:\u00a0Satzung Den ausgef\u00fcllten und unterschriebenen Mitgliedsantrag abgeben bei: Jonas Hassenpflug Schulstra\u00dfe 12 57629 M\u00fcschenbach<\/p>\n","protected":false},"author":1,"featured_media":0,"parent":0,"menu_order":0,"comment_status":"closed","ping_status":"open","template":"","meta":{"_monsterinsights_skip_tracking":false,"_monsterinsights_sitenote_active":false,"_monsterinsights_sitenote_note":"","_monsterinsights_sitenote_category":0,"footnotes":""},"class_list":["post-66","page","type-page","status-publish","hentry"],"_links":{"self":[{"href":"http:\/\/www.kgmueschenbach.de\/index.php?rest_route=\/wp\/v2\/pages\/66","targetHints":{"allow":["GET"]}}],"collection":[{"href":"http:\/\/www.kgmueschenbach.de\/index.php?rest_route=\/wp\/v2\/pages"}],"about":[{"href":"http:\/\/www.kgmueschenbach.de\/index.php?rest_route=\/wp\/v2\/types\/page"}],"author":[{"embeddable":true,"href":"http:\/\/www.kgmueschenbach.de\/index.php?rest_route=\/wp\/v2\/users\/1"}],"replies":[{"embeddable":true,"href":"http:\/\/www.kgmueschenbach.de\/index.php?rest_route=%2Fwp%2Fv2%2Fcomments&post=66"}],"version-history":[{"count":13,"href":"http:\/\/www.kgmueschenbach.de\/index.php?rest_route=\/wp\/v2\/pages\/66\/revisions"}],"predecessor-version":[{"id":549,"href":"http:\/\/www.kgmueschenbach.de\/index.php?rest_route=\/wp\/v2\/pages\/66\/revisions\/549"}],"wp:attachment":[{"href":"http:\/\/www.kgmueschenbach.de\/index.php?rest_route=%2Fwp%2Fv2%2Fmedia&parent=66"}],"curies":[{"name":"wp","href":"https:\/\/api.w.org\/{rel}","templated":true}]}}